{"id":965,"date":"2020-10-28T16:35:23","date_gmt":"2020-10-28T15:35:23","guid":{"rendered":"https:\/\/www.iomonline.net\/?page_id=965"},"modified":"2020-10-28T16:37:37","modified_gmt":"2020-10-28T15:37:37","slug":"pesquisa-sobre-a-covid-19","status":"publish","type":"page","link":"https:\/\/www.iomonline.net\/pt\/pesquisa-sobre-a-covid-19\/","title":{"rendered":"Enquete Covid-19"},"content":{"rendered":"<p>A Ilha de Man fez um trabalho brilhante, primeiro controlando a Covid-19 e depois mantendo-a longe de suas costas. Mas isso teve um pre\u00e7o. As fronteiras, ora fechadas, ora abertas, afetaram gravemente n\u00e3o s\u00f3 o bem-estar dos moradores locais e das fam\u00edlias que desejam visitar a ilha, mas tamb\u00e9m a economia local. Vale a pena?<br \/>\n<!--more--><\/p>\n<div id=\"polls-2\" class=\"wp-polls\">\n\t<form id=\"polls_form_2\" class=\"wp-polls-form\" action=\"\/index.php\" method=\"post\" data-trp-original-action=\"\/index.php\">\n\t\t<p style=\"display: none;\"><input type=\"hidden\" id=\"poll_2_nonce\" name=\"wp-polls-nonce\" value=\"d09d3d0bd2\" \/><\/p>\n\t\t<p style=\"display: none;\"><input type=\"hidden\" name=\"poll_id\" value=\"2\" \/><\/p>\n\t\t<p style=\"text-align: center;\"><strong>Ser\u00e1 este o momento certo para reabrir totalmente as fronteiras da Ilha de Man?<\/strong><\/p><div id=\"polls-2-ans\" class=\"wp-polls-ans\"><ul class=\"wp-polls-ul\">\n\t\t<li><input type=\"radio\" id=\"poll-answer-6\" name=\"poll_2\" value=\"6\" \/> <label for=\"poll-answer-6\">Sim<\/label><\/li>\n\t\t<li><input type=\"radio\" id=\"poll-answer-7\" name=\"poll_2\" value=\"7\" \/> <label for=\"poll-answer-7\">N\u00e3o<\/label><\/li>\n\t\t<\/ul><p style=\"text-align: center;\"><input type=\"button\" name=\"vote\" value=\"   Voto   \" class=\"Buttons\" onclick=\"poll_vote(2);\" \/><\/p><p style=\"text-align: center;\"><a href=\"#ViewPollResults\" onclick=\"poll_result(2); return false;\" title=\"Veja os resultados desta enquete.\">Ver resultados<\/a><\/p><\/div>\n\t<input type=\"hidden\" name=\"trp-form-language\" value=\"pt\"\/><\/form>\n<\/div>\n<div id=\"polls-2-loading\" class=\"wp-polls-loading\"><img loading=\"lazy\" decoding=\"async\" src=\"https:\/\/www.iomonline.net\/wp-content\/plugins\/wp-polls\/images\/loading.gif\" width=\"16\" height=\"16\" alt=\"Loading ...\" title=\"Loading ...\" class=\"wp-polls-image\" \/>&nbsp;Loading ...<\/div>","protected":false},"excerpt":{"rendered":"<p>The Isle of Man has done a brilliant job of first of all getting Covid-19 under control and then keeping it away from our shores. But it has come at a cost. The closed\/not closed borders have took a heavy toll on not only the well being of locals and families looking to visit the [&hellip;]<\/p>","protected":false},"author":2,"featured_media":0,"parent":0,"menu_order":0,"comment_status":"closed","ping_status":"closed","template":"","meta":{"footnotes":""},"class_list":["post-965","page","type-page","status-publish","hentry"],"_links":{"self":[{"href":"https:\/\/www.iomonline.net\/pt\/wp-json\/wp\/v2\/pages\/965","targetHints":{"allow":["GET"]}}],"collection":[{"href":"https:\/\/www.iomonline.net\/pt\/wp-json\/wp\/v2\/pages"}],"about":[{"href":"https:\/\/www.iomonline.net\/pt\/wp-json\/wp\/v2\/types\/page"}],"author":[{"embeddable":true,"href":"https:\/\/www.iomonline.net\/pt\/wp-json\/wp\/v2\/users\/2"}],"replies":[{"embeddable":true,"href":"https:\/\/www.iomonline.net\/pt\/wp-json\/wp\/v2\/comments?post=965"}],"version-history":[{"count":0,"href":"https:\/\/www.iomonline.net\/pt\/wp-json\/wp\/v2\/pages\/965\/revisions"}],"wp:attachment":[{"href":"https:\/\/www.iomonline.net\/pt\/wp-json\/wp\/v2\/media?parent=965"}],"curies":[{"name":"wp","href":"https:\/\/api.w.org\/{rel}","templated":true}]}}