{"id":965,"date":"2020-10-28T16:35:23","date_gmt":"2020-10-28T15:35:23","guid":{"rendered":"https:\/\/www.iomonline.net\/?page_id=965"},"modified":"2020-10-28T16:37:37","modified_gmt":"2020-10-28T15:37:37","slug":"sondage-sur-la-covid-19","status":"publish","type":"page","link":"https:\/\/www.iomonline.net\/fr\/sondage-sur-la-covid-19\/","title":{"rendered":"Sondage sur la Covid-19"},"content":{"rendered":"<p>L&#039;\u00eele de Man a brillamment r\u00e9ussi \u00e0 ma\u00eetriser l&#039;\u00e9pid\u00e9mie de Covid-19 et \u00e0 la tenir \u00e9loign\u00e9e de son territoire. Mais ce succ\u00e8s a un prix. La fermeture et l&#039;ouverture intermittentes des fronti\u00e8res ont lourdement pes\u00e9 sur le bien-\u00eatre des habitants et des familles souhaitant visiter l&#039;\u00eele, ainsi que sur l&#039;\u00e9conomie locale. Le jeu en vaut-il la chandelle\u00a0?<br \/>\n<!--more--><\/p>\n<div id=\"polls-2\" class=\"wp-polls\">\n\t<form id=\"polls_form_2\" class=\"wp-polls-form\" action=\"\/index.php\" method=\"post\" data-trp-original-action=\"\/index.php\">\n\t\t<p style=\"display: none;\"><input type=\"hidden\" id=\"poll_2_nonce\" name=\"wp-polls-nonce\" value=\"d09d3d0bd2\" \/><\/p>\n\t\t<p style=\"display: none;\"><input type=\"hidden\" name=\"poll_id\" value=\"2\" \/><\/p>\n\t\t<p style=\"text-align: center;\"><strong>Est-ce le bon moment pour rouvrir compl\u00e8tement les fronti\u00e8res de l&#039;\u00eele de Man ?<\/strong><\/p><div id=\"polls-2-ans\" class=\"wp-polls-ans\"><ul class=\"wp-polls-ul\">\n\t\t<li><input type=\"radio\" id=\"poll-answer-6\" name=\"poll_2\" value=\"6\" \/> <label for=\"poll-answer-6\">Oui<\/label><\/li>\n\t\t<li><input type=\"radio\" id=\"poll-answer-7\" name=\"poll_2\" value=\"7\" \/> <label for=\"poll-answer-7\">Non<\/label><\/li>\n\t\t<\/ul><p style=\"text-align: center;\"><input type=\"button\" name=\"vote\" value=\"   Voter   \" class=\"Buttons\" onclick=\"poll_vote(2);\" \/><\/p><p style=\"text-align: center;\"><a href=\"#ViewPollResults\" onclick=\"poll_result(2); return false;\" title=\"Consultez les r\u00e9sultats de ce sondage\">Afficher les r\u00e9sultats<\/a><\/p><\/div>\n\t<input type=\"hidden\" name=\"trp-form-language\" value=\"fr\"\/><\/form>\n<\/div>\n<div id=\"polls-2-loading\" class=\"wp-polls-loading\"><img loading=\"lazy\" decoding=\"async\" src=\"https:\/\/www.iomonline.net\/wp-content\/plugins\/wp-polls\/images\/loading.gif\" width=\"16\" height=\"16\" alt=\"Chargement ...\" title=\"Chargement ...\" class=\"wp-polls-image\" \/>&nbsp;Chargement ...<\/div>","protected":false},"excerpt":{"rendered":"<p>L&#039;\u00eele de Man a brillamment r\u00e9ussi \u00e0 ma\u00eetriser la Covid-19 et \u00e0 la tenir \u00e9loign\u00e9e de son territoire. Mais cela a un prix. La fermeture puis l&#039;ouverture des fronti\u00e8res ont lourdement pes\u00e9 sur le bien-\u00eatre des habitants et des familles souhaitant visiter l&#039;\u00eele.<\/p>","protected":false},"author":2,"featured_media":0,"parent":0,"menu_order":0,"comment_status":"closed","ping_status":"closed","template":"","meta":{"footnotes":""},"class_list":["post-965","page","type-page","status-publish","hentry"],"_links":{"self":[{"href":"https:\/\/www.iomonline.net\/fr\/wp-json\/wp\/v2\/pages\/965","targetHints":{"allow":["GET"]}}],"collection":[{"href":"https:\/\/www.iomonline.net\/fr\/wp-json\/wp\/v2\/pages"}],"about":[{"href":"https:\/\/www.iomonline.net\/fr\/wp-json\/wp\/v2\/types\/page"}],"author":[{"embeddable":true,"href":"https:\/\/www.iomonline.net\/fr\/wp-json\/wp\/v2\/users\/2"}],"replies":[{"embeddable":true,"href":"https:\/\/www.iomonline.net\/fr\/wp-json\/wp\/v2\/comments?post=965"}],"version-history":[{"count":0,"href":"https:\/\/www.iomonline.net\/fr\/wp-json\/wp\/v2\/pages\/965\/revisions"}],"wp:attachment":[{"href":"https:\/\/www.iomonline.net\/fr\/wp-json\/wp\/v2\/media?parent=965"}],"curies":[{"name":"wp","href":"https:\/\/api.w.org\/{rel}","templated":true}]}}