{"id":215,"date":"2010-01-23T22:49:01","date_gmt":"2010-01-23T21:49:01","guid":{"rendered":"http:\/\/www.ontheisleofman.com\/?page_id=215"},"modified":"2012-06-29T18:29:26","modified_gmt":"2012-06-29T17:29:26","slug":"a-propos","status":"publish","type":"page","link":"https:\/\/www.iomonline.net\/fr\/a-propos\/","title":{"rendered":"\u00c0 propos"},"content":{"rendered":"<p>IOM Online \u2013 Un portail web qui regroupe, \u00e9value et commente d&#039;autres ressources et sites web en ligne concernant l&#039;\u00eele de Man. Si, par la m\u00eame occasion, nous pouvons contribuer au d\u00e9veloppement commercial d&#039;entreprises locales, c&#039;est un bonus appr\u00e9ciable\u00a0! <\/p>\n<p>Si vous pr\u00e9f\u00e9rez que votre site web\/entreprise\/service, etc. ne figure pas sur notre site, veuillez envoyer un courriel \u00e0 info@iomonline.net et nous le supprimerons.<\/p>","protected":false},"excerpt":{"rendered":"<p>IOM Online &#8211; A web portal whose purpose it to group together, review and give opinions on other online resources\/websites related to things On The Isle of Man. If we can drive business to some Isle of Man businesses in the process than that&#8217;s a nice bonus! If you&#8217;d prefer your website\/business\/service etc not to [&hellip;]<\/p>","protected":false},"author":2,"featured_media":0,"parent":0,"menu_order":0,"comment_status":"open","ping_status":"open","template":"","meta":{"footnotes":""},"class_list":["post-215","page","type-page","status-publish","hentry"],"_links":{"self":[{"href":"https:\/\/www.iomonline.net\/fr\/wp-json\/wp\/v2\/pages\/215","targetHints":{"allow":["GET"]}}],"collection":[{"href":"https:\/\/www.iomonline.net\/fr\/wp-json\/wp\/v2\/pages"}],"about":[{"href":"https:\/\/www.iomonline.net\/fr\/wp-json\/wp\/v2\/types\/page"}],"author":[{"embeddable":true,"href":"https:\/\/www.iomonline.net\/fr\/wp-json\/wp\/v2\/users\/2"}],"replies":[{"embeddable":true,"href":"https:\/\/www.iomonline.net\/fr\/wp-json\/wp\/v2\/comments?post=215"}],"version-history":[{"count":0,"href":"https:\/\/www.iomonline.net\/fr\/wp-json\/wp\/v2\/pages\/215\/revisions"}],"wp:attachment":[{"href":"https:\/\/www.iomonline.net\/fr\/wp-json\/wp\/v2\/media?parent=215"}],"curies":[{"name":"wp","href":"https:\/\/api.w.org\/{rel}","templated":true}]}}