{"id":960,"date":"2020-10-28T15:05:46","date_gmt":"2020-10-28T14:05:46","guid":{"rendered":"https:\/\/www.iomonline.net\/?page_id=960"},"modified":"2024-01-10T11:21:38","modified_gmt":"2024-01-10T10:21:38","slug":"politica-de-privacidad","status":"publish","type":"page","link":"https:\/\/www.iomonline.net\/es\/politica-de-privacidad\/","title":{"rendered":"pol\u00edtica de privacidad"},"content":{"rendered":"<p><strong>Pol\u00edtica de privacidad de www.iomonline.net | Juego de preguntas sobre carreras de la OIM<\/strong><\/p>\n<p>Si necesita m\u00e1s informaci\u00f3n o tiene alguna pregunta sobre nuestra pol\u00edtica de privacidad, no dude en contactarnos por correo electr\u00f3nico a enquiries@iomonline.net<br \/>\nEn www.iomonline.net, la privacidad de nuestros visitantes es de suma importancia para nosotros. Este documento de pol\u00edtica de privacidad describe los tipos de informaci\u00f3n personal que recibe y recopila www.iomonline.net y c\u00f3mo se utiliza. Consulte la secci\u00f3n separada en la parte inferior para obtener informaci\u00f3n sobre privacidad relacionada con nuestro juego de preguntas y respuestas de la carrera IOM.<\/p>\n<p><strong>Archivos de registro<\/strong><br \/>\nAl igual que muchos otros sitios web, www.iomonline.net utiliza archivos de registro. La informaci\u00f3n contenida en los archivos de registro incluye direcciones de protocolo de Internet (IP), tipo de navegador, proveedor de servicios de Internet (ISP), sello de fecha y hora, p\u00e1ginas de referencia\/salida y n\u00famero de clics para analizar tendencias, administrar el sitio, rastrear el movimiento del usuario en el sitio y recopilar informaci\u00f3n demogr\u00e1fica. Las direcciones IP y otra informaci\u00f3n similar no est\u00e1n vinculadas a ninguna informaci\u00f3n que sea personalmente identificable.<\/p>\n<p><strong>Cookies y balizas web<\/strong><br \/>\nwww.iomonline.net utiliza cookies para almacenar informaci\u00f3n sobre las preferencias de los visitantes, registrar informaci\u00f3n espec\u00edfica del usuario sobre las p\u00e1ginas que accede o visita, personalizar el contenido de la p\u00e1gina web seg\u00fan el tipo de navegador del visitante u otra informaci\u00f3n que el visitante env\u00eda a trav\u00e9s de su navegador.<br \/>\n<strong><br \/>\nCookie de DoubleClick DART<\/strong><br \/>\n.:: Google, como proveedor externo, utiliza cookies para publicar anuncios en www.iomonline.net.<br \/>\n:: El uso que Google hace de la cookie de DART le permite mostrar anuncios a los usuarios basados en su visita a www.iomonline.net y otros sitios de Internet.<br \/>\n.:: Los usuarios pueden inhabilitar el uso de cookies de DART visitando la pol\u00edtica de privacidad de la red de contenido y anuncios de Google en la siguiente URL: http:\/\/www.google.com\/privacy_ads.html<\/p>\n<p>Algunos de nuestros socios publicitarios pueden utilizar cookies y balizas web en nuestro sitio. Nuestros socios publicitarios incluyen...<br \/>\nAnuncios de Google<br \/>\nAmazonas<\/p>\n<p>Estos servidores de anuncios o redes publicitarias de terceros utilizan tecnolog\u00eda para enviar los anuncios y enlaces que aparecen en www.iomonline.net directamente a su navegador. Reciben autom\u00e1ticamente su direcci\u00f3n IP cuando esto ocurre. Las redes publicitarias de terceros tambi\u00e9n pueden utilizar otras tecnolog\u00edas (como cookies, JavaScript o Web Beacons) para medir la eficacia de sus anuncios y\/o personalizar el contenido publicitario que ve.<\/p>\n<p>www.iomonline.net no tiene acceso ni control sobre estas cookies que son utilizadas por anunciantes de terceros.<\/p>\n<p>Debe consultar las respectivas pol\u00edticas de privacidad de estos servidores de anuncios de terceros para obtener informaci\u00f3n m\u00e1s detallada sobre sus pr\u00e1cticas, as\u00ed como para obtener instrucciones sobre c\u00f3mo inhabilitar ciertas pr\u00e1cticas. La pol\u00edtica de privacidad de www.iomonline.net no se aplica y no podemos controlar las actividades de dichos otros anunciantes o sitios web.<\/p>\n<p>Si desea desactivar las cookies, puede hacerlo a trav\u00e9s de las opciones de su navegador. Puede encontrar informaci\u00f3n m\u00e1s detallada sobre la gesti\u00f3n de cookies con navegadores web espec\u00edficos en los sitios web de cada navegador.<\/p>\n<p>====<\/p>\n<p><strong>Cuestionario sobre la carrera de la OIM<\/strong> \u2013 IOM Race Quiz (el juego) es un juego disponible de forma gratuita en varias tiendas m\u00f3viles y directamente en su navegador web a trav\u00e9s del sitio web IOMOnline.com. El juego no captura ni retiene informaci\u00f3n personal. El juego est\u00e1 libre de toda publicidad. El juego no requiere una cuenta para jugar. Si decide guardar su puntuaci\u00f3n m\u00e1s alta en la tabla de puntuaciones m\u00e1s altas global disponible en el juego, NO se almacena informaci\u00f3n personal, esto incluye, entre otras, direcciones IP, identificadores de dispositivos m\u00f3viles, etc. La \u00fanica informaci\u00f3n almacenada es el texto que ha elegido ingresar como su nombre\/apodo y la puntuaci\u00f3n. Para confirmaci\u00f3n, la tabla que contiene la tabla de puntuaciones m\u00e1s altas S\u00d3LO contiene 2 campos, el nombre proporcionado (desconocido si se deja en blanco, que es su elecci\u00f3n) y la puntuaci\u00f3n.<\/p>\n<p>====<\/p>\n<p>Isla de Man: conozca nuestras c\u00e1maras web, tiendas en l\u00ednea, actividades, eventos locales y mucho m\u00e1s. Todo desde la perspectiva de un local de Man.<\/p>","protected":false},"excerpt":{"rendered":"<p>Privacy Policy for www.iomonline.net | IOM Race Quiz Game If you require any more information or have any questions about our privacy policy, please feel free to contact us by email at enquiries@iomonline.net At www.iomonline.net, the privacy of our visitors is of extreme importance to us. This privacy policy document outlines the types of personal [&hellip;]<\/p>","protected":false},"author":2,"featured_media":0,"parent":0,"menu_order":0,"comment_status":"closed","ping_status":"closed","template":"","meta":{"footnotes":""},"class_list":["post-960","page","type-page","status-publish","hentry"],"_links":{"self":[{"href":"https:\/\/www.iomonline.net\/es\/wp-json\/wp\/v2\/pages\/960","targetHints":{"allow":["GET"]}}],"collection":[{"href":"https:\/\/www.iomonline.net\/es\/wp-json\/wp\/v2\/pages"}],"about":[{"href":"https:\/\/www.iomonline.net\/es\/wp-json\/wp\/v2\/types\/page"}],"author":[{"embeddable":true,"href":"https:\/\/www.iomonline.net\/es\/wp-json\/wp\/v2\/users\/2"}],"replies":[{"embeddable":true,"href":"https:\/\/www.iomonline.net\/es\/wp-json\/wp\/v2\/comments?post=960"}],"version-history":[{"count":0,"href":"https:\/\/www.iomonline.net\/es\/wp-json\/wp\/v2\/pages\/960\/revisions"}],"wp:attachment":[{"href":"https:\/\/www.iomonline.net\/es\/wp-json\/wp\/v2\/media?parent=960"}],"curies":[{"name":"Gracias","href":"https:\/\/api.w.org\/{rel}","templated":true}]}}