{"id":875,"date":"2017-06-05T10:47:56","date_gmt":"2017-06-05T09:47:56","guid":{"rendered":"http:\/\/www.iomonline.net\/?page_id=875"},"modified":"2021-11-05T11:21:05","modified_gmt":"2021-11-05T10:21:05","slug":"infraestructura","status":"publish","type":"page","link":"https:\/\/www.iomonline.net\/es\/infraestructura\/","title":{"rendered":"Noticias de la OIM sobre infraestructura"},"content":{"rendered":"<h2>Viajes e infraestructura de la Isla de Man<\/h2>\n<p>Aqu\u00ed encontrar\u00e1s toda la informaci\u00f3n actualizada de los organismos oficiales de la Isla de Man: salidas en barco, vuelos, alertas meteorol\u00f3gicas, estado de las carreteras.<\/p>\n<p><a class=\"twitter-timeline\" data-width=\"600\" data-theme=\"light\" href=\"https:\/\/twitter.com\/iom_online\/lists\/iom-updates\" target=\"_blank\" rel=\"noopener\">Una lista de Twitter de iom_online<\/a> <script async src=\"\/\/platform.twitter.com\/widgets.js\" charset=\"utf-8\"><\/script><\/p>","protected":false},"excerpt":{"rendered":"<p>Manx Travel And Infrastructure All the latest updates from the official bodies around the Isle of Man, sailings, Isle of Man flights, weather warnings, the situation on the road. It&#8217;s all covered here. A Twitter List by iom_online<\/p>","protected":false},"author":2,"featured_media":0,"parent":0,"menu_order":0,"comment_status":"closed","ping_status":"closed","template":"","meta":{"footnotes":""},"class_list":["post-875","page","type-page","status-publish","hentry"],"_links":{"self":[{"href":"https:\/\/www.iomonline.net\/es\/wp-json\/wp\/v2\/pages\/875","targetHints":{"allow":["GET"]}}],"collection":[{"href":"https:\/\/www.iomonline.net\/es\/wp-json\/wp\/v2\/pages"}],"about":[{"href":"https:\/\/www.iomonline.net\/es\/wp-json\/wp\/v2\/types\/page"}],"author":[{"embeddable":true,"href":"https:\/\/www.iomonline.net\/es\/wp-json\/wp\/v2\/users\/2"}],"replies":[{"embeddable":true,"href":"https:\/\/www.iomonline.net\/es\/wp-json\/wp\/v2\/comments?post=875"}],"version-history":[{"count":0,"href":"https:\/\/www.iomonline.net\/es\/wp-json\/wp\/v2\/pages\/875\/revisions"}],"wp:attachment":[{"href":"https:\/\/www.iomonline.net\/es\/wp-json\/wp\/v2\/media?parent=875"}],"curies":[{"name":"Gracias","href":"https:\/\/api.w.org\/{rel}","templated":true}]}}