{"id":215,"date":"2010-01-23T22:49:01","date_gmt":"2010-01-23T21:49:01","guid":{"rendered":"http:\/\/www.ontheisleofman.com\/?page_id=215"},"modified":"2012-06-29T18:29:26","modified_gmt":"2012-06-29T17:29:26","slug":"acerca-de","status":"publish","type":"page","link":"https:\/\/www.iomonline.net\/es\/acerca-de\/","title":{"rendered":"Acerca de"},"content":{"rendered":"<p>IOM Online: un portal web cuyo prop\u00f3sito es agrupar, revisar y emitir opiniones sobre otros recursos\/sitios web en l\u00ednea relacionados con la Isla de Man. Si logramos atraer clientes a algunas empresas de la Isla de Man, \u00a1ser\u00e1 una gran ventaja! <\/p>\n<p>Si prefiere que su sitio web\/negocio\/servicio, etc., no est\u00e9 incluido en nuestro sitio, env\u00ede un correo electr\u00f3nico a info@iomonline.net y lo eliminaremos.<\/p>","protected":false},"excerpt":{"rendered":"<p>IOM Online &#8211; A web portal whose purpose it to group together, review and give opinions on other online resources\/websites related to things On The Isle of Man. If we can drive business to some Isle of Man businesses in the process than that&#8217;s a nice bonus! If you&#8217;d prefer your website\/business\/service etc not to [&hellip;]<\/p>","protected":false},"author":2,"featured_media":0,"parent":0,"menu_order":0,"comment_status":"open","ping_status":"open","template":"","meta":{"footnotes":""},"class_list":["post-215","page","type-page","status-publish","hentry"],"_links":{"self":[{"href":"https:\/\/www.iomonline.net\/es\/wp-json\/wp\/v2\/pages\/215","targetHints":{"allow":["GET"]}}],"collection":[{"href":"https:\/\/www.iomonline.net\/es\/wp-json\/wp\/v2\/pages"}],"about":[{"href":"https:\/\/www.iomonline.net\/es\/wp-json\/wp\/v2\/types\/page"}],"author":[{"embeddable":true,"href":"https:\/\/www.iomonline.net\/es\/wp-json\/wp\/v2\/users\/2"}],"replies":[{"embeddable":true,"href":"https:\/\/www.iomonline.net\/es\/wp-json\/wp\/v2\/comments?post=215"}],"version-history":[{"count":0,"href":"https:\/\/www.iomonline.net\/es\/wp-json\/wp\/v2\/pages\/215\/revisions"}],"wp:attachment":[{"href":"https:\/\/www.iomonline.net\/es\/wp-json\/wp\/v2\/media?parent=215"}],"curies":[{"name":"Gracias","href":"https:\/\/api.w.org\/{rel}","templated":true}]}}