{"id":215,"date":"2010-01-23T22:49:01","date_gmt":"2010-01-23T21:49:01","guid":{"rendered":"http:\/\/www.ontheisleofman.com\/?page_id=215"},"modified":"2012-06-29T18:29:26","modified_gmt":"2012-06-29T17:29:26","slug":"um","status":"publish","type":"page","link":"https:\/\/www.iomonline.net\/de\/um\/","title":{"rendered":"Um"},"content":{"rendered":"<p>IOM Online \u2013 Ein Webportal, dessen Zweck es ist, andere Online-Ressourcen\/Websites zu Themen rund um die Isle of Man zu sammeln, zu \u00fcberpr\u00fcfen und Meinungen dazu abzugeben. Wenn wir dabei einigen Unternehmen auf der Isle of Man Gesch\u00e4fte bringen k\u00f6nnen, ist das ein netter Bonus! <\/p>\n<p>Wenn Sie nicht m\u00f6chten, dass Ihre Website\/Ihr Unternehmen\/Ihr Dienst usw. auf unserer Site aufgef\u00fchrt wird, senden Sie bitte eine E-Mail an info@iomonline.net und wir werden es entfernen.<\/p>","protected":false},"excerpt":{"rendered":"<p>IOM Online &#8211; A web portal whose purpose it to group together, review and give opinions on other online resources\/websites related to things On The Isle of Man. If we can drive business to some Isle of Man businesses in the process than that&#8217;s a nice bonus! If you&#8217;d prefer your website\/business\/service etc not to [&hellip;]<\/p>","protected":false},"author":2,"featured_media":0,"parent":0,"menu_order":0,"comment_status":"open","ping_status":"open","template":"","meta":{"footnotes":""},"class_list":["post-215","page","type-page","status-publish","hentry"],"_links":{"self":[{"href":"https:\/\/www.iomonline.net\/de\/wp-json\/wp\/v2\/pages\/215","targetHints":{"allow":["GET"]}}],"collection":[{"href":"https:\/\/www.iomonline.net\/de\/wp-json\/wp\/v2\/pages"}],"about":[{"href":"https:\/\/www.iomonline.net\/de\/wp-json\/wp\/v2\/types\/page"}],"author":[{"embeddable":true,"href":"https:\/\/www.iomonline.net\/de\/wp-json\/wp\/v2\/users\/2"}],"replies":[{"embeddable":true,"href":"https:\/\/www.iomonline.net\/de\/wp-json\/wp\/v2\/comments?post=215"}],"version-history":[{"count":0,"href":"https:\/\/www.iomonline.net\/de\/wp-json\/wp\/v2\/pages\/215\/revisions"}],"wp:attachment":[{"href":"https:\/\/www.iomonline.net\/de\/wp-json\/wp\/v2\/media?parent=215"}],"curies":[{"name":"wp","href":"https:\/\/api.w.org\/{rel}","templated":true}]}}